{"id":33799,"date":"2025-09-24T07:00:15","date_gmt":"2025-09-24T12:00:15","guid":{"rendered":"https:\/\/podernacional.com\/?page_id=33799"},"modified":"2025-09-24T08:54:30","modified_gmt":"2025-09-24T13:54:30","slug":"el-frente-frio-numero-numero-ingresara-a-mexico","status":"publish","type":"page","link":"https:\/\/podernacional.com\/?page_id=33799","title":{"rendered":"El frente fr\u00edo n\u00famero n\u00famero ingresar\u00e1 a M\u00e9xico"},"content":{"rendered":"<p>\ud83d\udd38Generar\u00e1 lluvias puntuales muy fuertes en Coahuila; y puntuales fuertes en Chihuahua, Nuevo Le\u00f3n y Tamaulipas.<\/p>\n<p>#NACIONAL\ud83c\uddf2\ud83c\uddfd ll Buenos d\u00edas \u2600\ufe0fll El Servicio Meteorol\u00f3gico Nacional informa que para hoy, el\u00a0monz\u00f3n mexicano\u00a0ocasionar\u00e1 lluvias puntuales intensas en Nayarit; puntuales muy fuertes en Sinaloa; puntuales fuertes en Sonora y Durango; chubascos en Baja California Sur y lluvias aisladas en zonas de Baja California.<\/p>\n<p>A su vez, el\u00a0nuevo frente fr\u00edo n\u00famero 4\u00a0ingresar\u00e1 sobre la frontera norte y noreste de la Rep\u00fablica Mexicana e interaccionar\u00e1 con un\u00a0canal de baja presi\u00f3n\u00a0sobre el noreste del pa\u00eds, lo que generar\u00e1 lluvias puntuales muy fuertes en Coahuila; y puntuales fuertes en Chihuahua, Nuevo Le\u00f3n y Tamaulipas, acompa\u00f1adas con descargas el\u00e9ctricas y posible ca\u00edda de granizo, as\u00ed como rachas de viento de 50 a 70 kil\u00f3metros por hora (km\/h) y posible formaci\u00f3n de torbellinos\u00a0en dichos estados.<\/p>\n<p>Otro\u00a0canal de baja presi\u00f3n\u00a0sobre el interior de la Rep\u00fablica Mexicana y el ingreso de\u00a0aire h\u00famedo\u00a0del oc\u00e9ano Pac\u00edfico y golfo de M\u00e9xico, originar\u00e1n lluvias puntuales muy fuertes en Puebla, Morelos, Estado de M\u00e9xico y San Luis Potos\u00ed; puntuales fuertes en Tabasco, Tlaxcala, Ciudad de M\u00e9xico, Hidalgo, Quer\u00e9taro y Guanajuato; chubascos en Zacatecas, as\u00ed como lluvias aisladas en Aguascalientes.<\/p>\n<p>La circulaci\u00f3n y los desprendimientos nubosos del\u00a0hurac\u00e1n Narda\u00a0en combinaci\u00f3n con\u00a0inestabilidad atmosf\u00e9rica\u00a0propiciar\u00e1n lluvias puntuales intensas en Jalisco (oeste); y puntuales muy fuertes en Michoac\u00e1n y Colima, as\u00ed como rachas de viento y oleaje elevado en el occidente mexicano.<\/p>\n<p>La\u00a0onda tropical n\u00famero 34\u00a0recorrer\u00e1 el sureste y sur del pa\u00eds, ocasionar\u00e1 lluvias puntuales intensas en Oaxaca y Guerrero; y puntuales muy fuertes en Chiapas. Un\u00a0canal de baja presi\u00f3n\u00a0y una\u00a0vaguada en altura\u00a0sobre la pen\u00ednsula de Yucat\u00e1n, generar\u00e1n lluvias puntuales muy fuertes en Yucat\u00e1n y Campeche; y puntuales fuertes en Quintana Roo.<\/p>\n<p>Finalmente, continuar\u00e1 el ambiente c\u00e1lido a caluroso por la tarde en la mayor parte del territorio nacional, y muy caluroso con temperaturas m\u00e1ximas superiores a los 40 grados cent\u00edgrados en zonas de Baja California, Baja California Sur, Sonora y Sinaloa.<\/p>\n","protected":false},"excerpt":{"rendered":"<p>\ud83d\udd38Generar\u00e1 lluvias puntuales muy fuertes en Coahuila; y puntuales fuertes en Chihuahua, Nuevo Le\u00f3n y Tamaulipas. #NACIONAL\ud83c\uddf2\ud83c\uddfd ll Buenos d\u00edas \u2600\ufe0fll El Servicio Meteorol\u00f3gico Nacional informa que para hoy, el\u00a0monz\u00f3n mexicano\u00a0ocasionar\u00e1 lluvias puntuales intensas en Nayarit; puntuales muy fuertes en Sinaloa; puntuales fuertes en Sonora y Durango; chubascos en Baja California Sur y lluvias aisladas [&hellip;]<\/p>\n","protected":false},"author":1,"featured_media":33801,"parent":0,"menu_order":0,"comment_status":"open","ping_status":"closed","template":"","meta":{"footnotes":""},"class_list":["post-33799","page","type-page","status-publish","has-post-thumbnail","hentry"],"_links":{"self":[{"href":"https:\/\/podernacional.com\/index.php?rest_route=\/wp\/v2\/pages\/33799","targetHints":{"allow":["GET"]}}],"collection":[{"href":"https:\/\/podernacional.com\/index.php?rest_route=\/wp\/v2\/pages"}],"about":[{"href":"https:\/\/podernacional.com\/index.php?rest_route=\/wp\/v2\/types\/page"}],"author":[{"embeddable":true,"href":"https:\/\/podernacional.com\/index.php?rest_route=\/wp\/v2\/users\/1"}],"replies":[{"embeddable":true,"href":"https:\/\/podernacional.com\/index.php?rest_route=%2Fwp%2Fv2%2Fcomments&post=33799"}],"version-history":[{"count":1,"href":"https:\/\/podernacional.com\/index.php?rest_route=\/wp\/v2\/pages\/33799\/revisions"}],"predecessor-version":[{"id":33800,"href":"https:\/\/podernacional.com\/index.php?rest_route=\/wp\/v2\/pages\/33799\/revisions\/33800"}],"wp:featuredmedia":[{"embeddable":true,"href":"https:\/\/podernacional.com\/index.php?rest_route=\/wp\/v2\/media\/33801"}],"wp:attachment":[{"href":"https:\/\/podernacional.com\/index.php?rest_route=%2Fwp%2Fv2%2Fmedia&parent=33799"}],"curies":[{"name":"wp","href":"https:\/\/api.w.org\/{rel}","templated":true}]}}